{"id":482,"date":"2018-10-11T07:32:30","date_gmt":"2018-10-11T07:32:30","guid":{"rendered":"https:\/\/happyears.co\/?post_type=product&#038;p=482"},"modified":"2026-02-26T09:36:00","modified_gmt":"2026-02-26T09:36:00","slug":"happy-ears-medium","status":"publish","type":"product","link":"https:\/\/www.happyearsearplugs.com\/se\/product\/happy-ears-medium\/","title":{"rendered":"Original Medium"},"content":{"rendered":"<p><img loading=\"lazy\" decoding=\"async\" class=\"alignleft size-full wp-image-1752\" src=\"https:\/\/www.happyears.co\/wp-content\/uploads\/2018\/10\/logos_featured_in.jpg\" alt=\"\" width=\"805\" height=\"150\" srcset=\"https:\/\/happyears.fra1.digitaloceanspaces.com\/wp-content\/uploads\/sites\/2\/2018\/10\/16125115\/logos_featured_in.jpg 805w, https:\/\/happyears.fra1.digitaloceanspaces.com\/wp-content\/uploads\/sites\/2\/2018\/10\/16125115\/logos_featured_in-300x56.jpg 300w, https:\/\/happyears.fra1.digitaloceanspaces.com\/wp-content\/uploads\/sites\/2\/2018\/10\/16125115\/logos_featured_in-768x143.jpg 768w, https:\/\/happyears.fra1.digitaloceanspaces.com\/wp-content\/uploads\/sites\/2\/2018\/10\/16125115\/logos_featured_in-800x150.jpg 800w, https:\/\/happyears.fra1.digitaloceanspaces.com\/wp-content\/uploads\/sites\/2\/2018\/10\/16125115\/logos_featured_in-600x112.jpg 600w\" sizes=\"auto, (max-width: 805px) 100vw, 805px\" \/> <strong>Happy Ears \u00e5teranv\u00e4ndbara \u00f6ronproppar \u00e4r designade och tillverkade i Sverige. \u00d6ronpropparna \u00e4r s\u00e5v\u00e4l CE-certifierade som allergitestade, ett bra alternativ till traditionella skum och vax \u00f6ronproppar<\/strong>.<\/p>\n<p><strong>Product<\/strong>:<\/p>\n<p>Bekv\u00e4mt<\/p>\n<p>\u00c5teranv\u00e4ndbar<\/p>\n<p>Diskret<\/p>\n<p>L\u00e4tt att underh\u00e5lla<\/p>\n<p>CE-certifierad<\/p>\n<p><strong>D\u00e4mpningsv\u00e4rde<\/strong> (decibel vid olika frekvenser):<\/p>\n<p>SNR: 25 dB<\/p>\n<p>H\u00f6g: 26 dB<\/p>\n<p>Medel: 23 dB<\/p>\n<p>L\u00e5g: 22 dB<\/p>\n<p><strong>Frakt<\/strong>:<br \/>\nAlla ordrar skickas via Post Nord med leverans inom 1-4 dagar.<\/p>\n","protected":false},"excerpt":{"rendered":"<p>Happy Ears \u00e5teranv\u00e4ndbara \u00f6ronproppar \u00e4r designade och tillverkade i Sverige. \u00d6ronpropparna \u00e4r s\u00e5v\u00e4l CE-certifierade som allergitestade, ett bra alternativ till traditionella skum och vax \u00f6ronproppar. Product: Bekv\u00e4mt \u00c5teranv\u00e4ndbar Diskret L\u00e4tt att underh\u00e5lla CE-certifierad D\u00e4mpningsv\u00e4rde (decibel vid olika frekvenser): SNR: 25 dB H\u00f6g: 26 dB Medel: 23 dB L\u00e5g: 22 dB Frakt: Alla ordrar skickas via [&hellip;]<\/p>\n","protected":false},"featured_media":13728,"comment_status":"open","ping_status":"closed","template":"new","meta":{"_acf_changed":false,"_crosspost_to_3":false,"_crosspost_to_4":false,"_crosspost_to_5":false,"_crosspost_to_6":false,"_crosspost_to_8":false,"_crosspost_to_9":false,"_crosspost_to_11":false,"_crosspost_to_13":false,"_crosspost_to_14":false,"_crosspost_to_24":false},"product_brand":[],"product_cat":[42,29,33],"product_tag":[],"class_list":{"0":"post-482","1":"product","2":"type-product","3":"status-publish","4":"has-post-thumbnail","6":"product_cat-feed","7":"product_cat-medium","8":"product_cat-original-medium","10":"first","11":"instock","12":"shipping-taxable","13":"purchasable","14":"product-type-simple"},"acf":[],"_links":{"self":[{"href":"https:\/\/www.happyearsearplugs.com\/se\/wp-json\/wp\/v2\/product\/482","targetHints":{"allow":["GET"]}}],"collection":[{"href":"https:\/\/www.happyearsearplugs.com\/se\/wp-json\/wp\/v2\/product"}],"about":[{"href":"https:\/\/www.happyearsearplugs.com\/se\/wp-json\/wp\/v2\/types\/product"}],"replies":[{"embeddable":true,"href":"https:\/\/www.happyearsearplugs.com\/se\/wp-json\/wp\/v2\/comments?post=482"}],"wp:featuredmedia":[{"embeddable":true,"href":"https:\/\/www.happyearsearplugs.com\/se\/wp-json\/wp\/v2\/media\/13728"}],"wp:attachment":[{"href":"https:\/\/www.happyearsearplugs.com\/se\/wp-json\/wp\/v2\/media?parent=482"}],"wp:term":[{"taxonomy":"product_brand","embeddable":true,"href":"https:\/\/www.happyearsearplugs.com\/se\/wp-json\/wp\/v2\/product_brand?post=482"},{"taxonomy":"product_cat","embeddable":true,"href":"https:\/\/www.happyearsearplugs.com\/se\/wp-json\/wp\/v2\/product_cat?post=482"},{"taxonomy":"product_tag","embeddable":true,"href":"https:\/\/www.happyearsearplugs.com\/se\/wp-json\/wp\/v2\/product_tag?post=482"}],"curies":[{"name":"wp","href":"https:\/\/api.w.org\/{rel}","templated":true}]}}