{"id":479,"date":"2018-10-09T13:22:57","date_gmt":"2018-10-09T13:22:57","guid":{"rendered":"https:\/\/happyears.co\/?post_type=product&#038;p=479"},"modified":"2026-02-26T09:34:02","modified_gmt":"2026-02-26T09:34:02","slug":"happy-ears-small","status":"publish","type":"product","link":"https:\/\/www.happyearsearplugs.com\/se\/product\/happy-ears-small\/","title":{"rendered":"Original Small"},"content":{"rendered":"<p><strong>V\u00e5ra \u00f6ronproppar:<\/strong><br \/>\n\u00c4ntligen, en \u00f6ronpropp f\u00f6r sm\u00e5 \u00f6ron! Happy Ears small \u00e4r vad vi vet den minsta \u00f6ronproppen p\u00e5 marknaden. Brukar du tycka att \u00f6ronproppar i skum \u00e4r obekv\u00e4ma eller till och med g\u00f6r ont &#8211; d\u00e5 tror vi att Happy Ears small \u00e4r n\u00e5got f\u00f6r dig.<\/p>\n<p>CE Certifierade @25 dB<\/p>\n<p>Bekv\u00e4ma &#8211; Tillg\u00e4nglig i olika storlekar f\u00f6r att passa dina \u00f6ron.<\/p>\n<p>&nbsp;<\/p>\n<p><strong>V\u00e5r f\u00f6rpackning:<\/strong><br \/>\n\u00c5teranv\u00e4ndningsbara &#8211; Anv\u00e4nder du dina Happy Ears dagligen, h\u00e5ller dom i flera m\u00e5nader. Anv\u00e4nder du dom endast d\u00e5 och d\u00e5 och f\u00f6rvarar dom i sitt etui, h\u00e5ller dom i flera \u00e5r.<\/p>\n","protected":false},"excerpt":{"rendered":"<p>V\u00e5ra \u00f6ronproppar: \u00c4ntligen, en \u00f6ronpropp f\u00f6r sm\u00e5 \u00f6ron! Happy Ears small \u00e4r vad vi vet den minsta \u00f6ronproppen p\u00e5 marknaden. Brukar du tycka att \u00f6ronproppar i skum \u00e4r obekv\u00e4ma eller till och med g\u00f6r ont &#8211; d\u00e5 tror vi att Happy Ears small \u00e4r n\u00e5got f\u00f6r dig. CE Certifierade @25 dB Bekv\u00e4ma &#8211; Tillg\u00e4nglig i [&hellip;]<\/p>\n","protected":false},"featured_media":12911,"comment_status":"open","ping_status":"closed","template":"new","meta":{"_acf_changed":false,"_crosspost_to_3":false,"_crosspost_to_4":false,"_crosspost_to_5":false,"_crosspost_to_6":false,"_crosspost_to_8":false,"_crosspost_to_9":false,"_crosspost_to_11":false,"_crosspost_to_13":false,"_crosspost_to_14":false,"_crosspost_to_24":false},"product_brand":[44],"product_cat":[42,32,28],"product_tag":[],"class_list":{"0":"post-479","1":"product","2":"type-product","3":"status-publish","4":"has-post-thumbnail","6":"product_brand-happyears","7":"product_cat-feed","8":"product_cat-original-small","9":"product_cat-small","11":"first","12":"instock","13":"shipping-taxable","14":"purchasable","15":"product-type-simple"},"acf":[],"_links":{"self":[{"href":"https:\/\/www.happyearsearplugs.com\/se\/wp-json\/wp\/v2\/product\/479","targetHints":{"allow":["GET"]}}],"collection":[{"href":"https:\/\/www.happyearsearplugs.com\/se\/wp-json\/wp\/v2\/product"}],"about":[{"href":"https:\/\/www.happyearsearplugs.com\/se\/wp-json\/wp\/v2\/types\/product"}],"replies":[{"embeddable":true,"href":"https:\/\/www.happyearsearplugs.com\/se\/wp-json\/wp\/v2\/comments?post=479"}],"wp:featuredmedia":[{"embeddable":true,"href":"https:\/\/www.happyearsearplugs.com\/se\/wp-json\/wp\/v2\/media\/12911"}],"wp:attachment":[{"href":"https:\/\/www.happyearsearplugs.com\/se\/wp-json\/wp\/v2\/media?parent=479"}],"wp:term":[{"taxonomy":"product_brand","embeddable":true,"href":"https:\/\/www.happyearsearplugs.com\/se\/wp-json\/wp\/v2\/product_brand?post=479"},{"taxonomy":"product_cat","embeddable":true,"href":"https:\/\/www.happyearsearplugs.com\/se\/wp-json\/wp\/v2\/product_cat?post=479"},{"taxonomy":"product_tag","embeddable":true,"href":"https:\/\/www.happyearsearplugs.com\/se\/wp-json\/wp\/v2\/product_tag?post=479"}],"curies":[{"name":"wp","href":"https:\/\/api.w.org\/{rel}","templated":true}]}}