{"id":45447,"date":"2024-12-23T21:12:16","date_gmt":"2024-12-23T21:12:16","guid":{"rendered":"https:\/\/www.happyearsearplugs.com\/se\/?post_type=product&#038;p=45447"},"modified":"2026-02-26T07:34:46","modified_gmt":"2026-02-26T07:34:46","slug":"original-discovery-10-pack","status":"publish","type":"product","link":"https:\/\/www.happyearsearplugs.com\/se\/product\/original-discovery-10-pack\/","title":{"rendered":"Original Discovery 10-pack"},"content":{"rendered":"<p><img loading=\"lazy\" decoding=\"async\" class=\"alignleft size-full wp-image-1752\" src=\"https:\/\/www.happyears.co\/wp-content\/uploads\/2018\/10\/logos_featured_in.jpg\" alt=\"\" width=\"805\" height=\"150\" srcset=\"https:\/\/happyears.fra1.digitaloceanspaces.com\/wp-content\/uploads\/sites\/2\/2018\/10\/16125115\/logos_featured_in.jpg 805w, https:\/\/happyears.fra1.digitaloceanspaces.com\/wp-content\/uploads\/sites\/2\/2018\/10\/16125115\/logos_featured_in-300x56.jpg 300w, https:\/\/happyears.fra1.digitaloceanspaces.com\/wp-content\/uploads\/sites\/2\/2018\/10\/16125115\/logos_featured_in-768x143.jpg 768w, https:\/\/happyears.fra1.digitaloceanspaces.com\/wp-content\/uploads\/sites\/2\/2018\/10\/16125115\/logos_featured_in-800x150.jpg 800w, https:\/\/happyears.fra1.digitaloceanspaces.com\/wp-content\/uploads\/sites\/2\/2018\/10\/16125115\/logos_featured_in-600x112.jpg 600w\" sizes=\"auto, (max-width: 805px) 100vw, 805px\" \/><br \/>\nD\u00e5 det inte finns en storlek som passar alla erbjuder Happy Ears tre olika storlekar &#8211; small, medium och large. Vi rekommenderar d\u00e4rf\u00f6r att alla f\u00f6rstag\u00e5ngsanv\u00e4ndare b\u00f6rjar med v\u00e5rt \u201cDiscovery Pack\u201d inneh\u00e5llande alla tre storlekar f\u00f6r att hitta den storlek som passar dig b\u00e4st.<\/p>\n<p><strong>Product<\/strong>:<\/p>\n<p>Bekv\u00e4mt<\/p>\n<p>\u00c5teranv\u00e4ndbar<\/p>\n<p>Diskret<\/p>\n<p>L\u00e4tt att underh\u00e5lla<\/p>\n<p>CE-certifierad<\/p>\n<p><strong>D\u00e4mpningsv\u00e4rde<\/strong> (decibel vid olika frekvenser):<\/p>\n<p>SNR: 25 dB<\/p>\n<p>H\u00f6g: 26 dB<\/p>\n<p>Medel: 23 dB<\/p>\n<p>L\u00e5g: 22 dB<\/p>\n<p><strong>Frakt<\/strong>:<br \/>\nAlla ordrar skickas via Post Nord med leverans inom 1-4 dagar.<\/p>\n","protected":false},"excerpt":{"rendered":"<p>D\u00e5 det inte finns en storlek som passar alla erbjuder Happy Ears tre olika storlekar &#8211; small, medium och large. Vi rekommenderar d\u00e4rf\u00f6r att alla f\u00f6rstag\u00e5ngsanv\u00e4ndare b\u00f6rjar med v\u00e5rt \u201cDiscovery Pack\u201d inneh\u00e5llande alla tre storlekar f\u00f6r att hitta den storlek som passar dig b\u00e4st.<\/p>\n<p>Regelbundna anv\u00e4ndare av Happy Ears menar att varje par h\u00e5ller i 6-12 m\u00e5nader.<\/p>\n","protected":false},"featured_media":45444,"comment_status":"open","ping_status":"closed","template":"new","meta":{"_acf_changed":false,"_crosspost_to_3":false,"_crosspost_to_4":false,"_crosspost_to_5":false,"_crosspost_to_6":false,"_crosspost_to_8":false,"_crosspost_to_9":false,"_crosspost_to_11":false,"_crosspost_to_13":false,"_crosspost_to_14":false,"_crosspost_to_24":false},"product_brand":[44],"product_cat":[42,17],"product_tag":[],"class_list":{"0":"post-45447","1":"product","2":"type-product","3":"status-publish","4":"has-post-thumbnail","6":"product_brand-happyears","7":"product_cat-feed","8":"product_cat-uncategorized","9":"product_shipping_class-free-shipping","11":"first","12":"instock","13":"sale","14":"shipping-taxable","15":"purchasable","16":"product-type-simple"},"acf":[],"_links":{"self":[{"href":"https:\/\/www.happyearsearplugs.com\/se\/wp-json\/wp\/v2\/product\/45447","targetHints":{"allow":["GET"]}}],"collection":[{"href":"https:\/\/www.happyearsearplugs.com\/se\/wp-json\/wp\/v2\/product"}],"about":[{"href":"https:\/\/www.happyearsearplugs.com\/se\/wp-json\/wp\/v2\/types\/product"}],"replies":[{"embeddable":true,"href":"https:\/\/www.happyearsearplugs.com\/se\/wp-json\/wp\/v2\/comments?post=45447"}],"wp:featuredmedia":[{"embeddable":true,"href":"https:\/\/www.happyearsearplugs.com\/se\/wp-json\/wp\/v2\/media\/45444"}],"wp:attachment":[{"href":"https:\/\/www.happyearsearplugs.com\/se\/wp-json\/wp\/v2\/media?parent=45447"}],"wp:term":[{"taxonomy":"product_brand","embeddable":true,"href":"https:\/\/www.happyearsearplugs.com\/se\/wp-json\/wp\/v2\/product_brand?post=45447"},{"taxonomy":"product_cat","embeddable":true,"href":"https:\/\/www.happyearsearplugs.com\/se\/wp-json\/wp\/v2\/product_cat?post=45447"},{"taxonomy":"product_tag","embeddable":true,"href":"https:\/\/www.happyearsearplugs.com\/se\/wp-json\/wp\/v2\/product_tag?post=45447"}],"curies":[{"name":"wp","href":"https:\/\/api.w.org\/{rel}","templated":true}]}}