{"id":549,"date":"2018-11-01T10:10:54","date_gmt":"2018-11-01T10:10:54","guid":{"rendered":"https:\/\/happyears.co\/?page_id=549"},"modified":"2026-03-05T14:08:19","modified_gmt":"2026-03-05T14:08:19","slug":"terms-conditions","status":"publish","type":"page","link":"https:\/\/www.happyearsearplugs.com\/se\/terms-conditions\/","title":{"rendered":"Villkor"},"content":{"rendered":"<h1>ALLM\u00c4NNA VILLKOR<\/h1>\n<h4>GENERELLT<\/h4>\n<p>Innan du g\u00f6r din best\u00e4llning f\u00f6ruts\u00e4tter vi p\u00e5 Happy Ears att du har l\u00e4st och f\u00f6rst\u00e5tt informationen p\u00e5 v\u00e5r webbplats www.happyearsearplugs.com. Din best\u00e4llning utg\u00f6r en beg\u00e4ran om att ing\u00e5 ett avtal med oss. Ett k\u00f6peavtal anses ha ing\u00e5tts n\u00e4r du har lagt en best\u00e4llning via webbplatsen och mottagit en orderbekr\u00e4ftelse via e-post med fullst\u00e4ndig information om din best\u00e4llning. Vi skickar sedan varan\/varorna till dig via angivet fraktbolag. Vi f\u00f6rblir \u00e4gare till samtliga varor tills full betalning har gjorts och mottagits av oss.<\/p>\n<h4>PRISER<\/h4>\n<p>V\u00e5ra priser kan \u00e4ndras utan f\u00f6reg\u00e5ende meddelande p\u00e5 grund av omst\u00e4ndigheter utanf\u00f6r v\u00e5r kontroll, s\u00e5som betydande f\u00f6r\u00e4ndringar i r\u00e5varupriser, valutakursf\u00f6r\u00e4ndringar eller \u00e4ndringar i merv\u00e4rdesskatt. Alla priser inkluderar 25 % moms inom Sverige. Om momssatsen \u00e4ndras f\u00f6rbeh\u00e5ller vi oss r\u00e4tten att justera v\u00e5ra priser med motsvarande belopp.<\/p>\n<h4>AVGIFTER<\/h4>\n<p>Aktuella avgifter finns tillg\u00e4ngliga p\u00e5 v\u00e5r webbplats www.happyearsearplugs.com.<\/p>\n<h4>REA OCH SPECIALERBJUDANDEN<\/h4>\n<p>Rea och andra specialerbjudanden g\u00e4ller endast s\u00e5 l\u00e4nge lagret r\u00e4cker, om inget annat anges i samband med erbjudandet.<\/p>\n<h4>BETALNINGAR<\/h4>\n<p>Betalning sker med kort. Fraktkostnader tillkommer om inget annat avtalats. Vid retur av varor \u00e5terbetalas beloppet till det kredit- eller bankkort som anv\u00e4ndes vid k\u00f6pet. Vi accepterar Swish, Visa, American Express och Mastercard.<\/p>\n<h4>MINDER\u00c5RIGA<\/h4>\n<p>Minder\u00e5riga (personer under 18 \u00e5r) m\u00e5ste ha godk\u00e4nnande fr\u00e5n f\u00f6r\u00e4lder eller v\u00e5rdnadshavare f\u00f6r att kunna best\u00e4lla varor fr\u00e5n webbplatsen eller genom att kontakta oss p\u00e5 info@happyears.co<br \/>\n. Observera \u00e4ven att v\u00e5ra produkter inte \u00e4r avsedda f\u00f6r personer under 12 \u00e5r.<\/p>\n<h4>ANSVAR<\/h4>\n<p>Vi tar inget ansvar om en k\u00f6pt produkt anv\u00e4nds p\u00e5 ett s\u00e4tt som inte \u00e4r avsett. Vi h\u00e4nvisar till de instruktioner som medf\u00f6ljer vid k\u00f6p av v\u00e5ra produkter. Du b\u00f6r d\u00e4rf\u00f6r noggrant l\u00e4sa instruktionerna innan du b\u00f6rjar anv\u00e4nda produkten. Happy Ears AB tar inget ansvar om produkten hanteras v\u00e5rdsl\u00f6st eller utan f\u00f6rsiktighet.<\/p>\n<h4>FORCE MAJEURE<\/h4>\n<p>Vi fr\u00e5ns\u00e4ger oss allt ansvar f\u00f6r leveransf\u00f6rseningar eller brister i uppfyllandet av v\u00e5ra \u00e5taganden enligt dessa k\u00f6pvillkor om f\u00f6rseningen eller bristen beror p\u00e5 omst\u00e4ndigheter utanf\u00f6r v\u00e5r kontroll som f\u00f6rhindrar, f\u00f6rsv\u00e5rar eller f\u00f6rdr\u00f6jer leveransen. S\u00e5dana omst\u00e4ndigheter kan vara myndighetsbeslut, lag\u00e4ndringar, arbetsmarknadskonflikter, blockad, brand, \u00f6versv\u00e4mning, sabotage eller st\u00f6rre olyckor. \u00c4ven beslut fr\u00e5n myndigheter som p\u00e5verkar marknaden eller produkterna negativt, exempelvis krav p\u00e5 varningstexter, f\u00f6rs\u00e4ljningsf\u00f6rbud eller liknande, samt onormala nedg\u00e5ngar p\u00e5 marknaden r\u00e4knas hit.<\/p>\n<h4>RETURR\u00c4TT<\/h4>\n<p>Som kund har du r\u00e4tt att byta din vara mot en motsvarande produkt inom 30 dagar fr\u00e5n mottagandet, dock g\u00e4ller inte bytesr\u00e4tten f\u00f6r rea- och specialerbjudanden. F\u00f6r att en retur ska godk\u00e4nnas m\u00e5ste varan returneras o\u00f6ppnad (f\u00f6rutom ett Discovery Pack per kund) i originalskick och originalf\u00f6rpackning tillsammans med all tillh\u00f6rande information och delar. Returen ska skickas i samma emballage som vid leveransen eller i likv\u00e4rdigt emballage. Vid byte av k\u00f6pta varor st\u00e5r kunden f\u00f6r returfrakten.<\/p>\n<h4>KLAGOM\u00c5L<\/h4>\n<p>Om varan \u00e4r skadad vid leverans, om du f\u00e5tt fel produkt eller om produkten p\u00e5 annat s\u00e4tt avviker fr\u00e5n avtalet mellan dig och oss har du r\u00e4tt att reklamera. Reklamation ska g\u00f6ras s\u00e5 snart som m\u00f6jligt. En reklamation som g\u00f6rs inom en vecka fr\u00e5n att felet uppt\u00e4ckts anses alltid vara inom rimlig tid. N\u00e4r den returnerade varan har mottagits i enlighet med ovanst\u00e5ende regler \u00e5terbetalas beloppet inom 30 dagar fr\u00e5n att vi mottagit din reklamation och produkten. Din r\u00e4tt att reklamera styrs av lagstiftningen i det land d\u00e4r best\u00e4llningen gjorts, men reklamationsr\u00e4tten \u00f6verstiger aldrig ett \u00e5r. F\u00f6r instruktioner om reklamation, kontakta v\u00e5r kundservice p\u00e5 info@happyears.co<br \/>\n. Om produkten \u00e4r felaktig, defekt eller om du f\u00e5tt fel vara st\u00e5r vi f\u00f6r returfrakten.<\/p>\n<h4>ANSVAR VID RETUR<\/h4>\n<p>N\u00e4r du anv\u00e4nder \u00e5ngerr\u00e4tten, reklamationsr\u00e4tten eller bytesr\u00e4tten ansvarar du f\u00f6r varan under returtransporten. Du \u00e4r d\u00e4rf\u00f6r ers\u00e4ttningsskyldig om varan skadas eller f\u00f6rsvinner under returen. Eftersom du ansvarar f\u00f6r varan tills den har mottagits av oss rekommenderar vi att du sparar f\u00f6rs\u00e4ndelsens sp\u00e5rningsnummer.<\/p>\n<h4>LEVERANS<\/h4>\n<p>Om du inte har mottagit din best\u00e4llning inom 30 dagar har du r\u00e4tt att h\u00e4va k\u00f6pet utan kostnad om du inte accepterar ett nytt f\u00f6reslaget leveransdatum. \u00c5terbetalning sker inom 10 dagar fr\u00e5n att vi mottagit din beg\u00e4ran om att h\u00e4va k\u00f6pet.<br \/>\nDu informeras via e-post n\u00e4r varan\/varorna \u00e4r redo att h\u00e4mtas. Paket som inte h\u00e4mtas ut debiteras f\u00f6r att t\u00e4cka administrativa kostnader och frakt (transport till och fr\u00e5n oss). Faktura skickas inom 30 dagar efter att paketet registrerats som outh\u00e4mtat.<\/p>\n<h4>FRAKT<\/h4>\n<p>Vi ansvarar f\u00f6r varor som skadas eller f\u00f6rloras under transporten. Anspr\u00e5k p\u00e5 grund av transportskador ska g\u00f6ras enligt vad som anges under \u201cReklamationer\u201d ovan.<\/p>\n<h4>FRISKRIVNING<\/h4>\n<p>Vi ansvarar inte f\u00f6r eventuella tryck- eller skrivfel g\u00e4llande priser eller annan information som tillhandah\u00e5lls av oss.<\/p>\n<h4>TVISTER<\/h4>\n<p>Svensk lag g\u00e4ller f\u00f6r alla k\u00f6p och best\u00e4llningar om inget annat uttryckligen anges i dessa k\u00f6pvillkor. Eventuella tvister ska h\u00e4nskjutas till Allm\u00e4nna reklamationsn\u00e4mnden (ARN). V\u00e5r policy \u00e4r att alltid f\u00f6lja ARN:s rekommendationer.<\/p>\n<h4>F\u00d6RETAGSUPPGIFTER<\/h4>\n<p>Happy Ears AB, Stora Varvsgatan 6A, 211 19 Malmo, Sweden, Email: info@happyears.co.<br \/>\nHemsida: www.happyearsearplugs.com.<\/p>\n","protected":false},"excerpt":{"rendered":"<p>ALLM\u00c4NNA VILLKOR GENERELLT Innan du g\u00f6r din best\u00e4llning f\u00f6ruts\u00e4tter vi p\u00e5 Happy Ears att du har l\u00e4st och f\u00f6rst\u00e5tt informationen p\u00e5 v\u00e5r webbplats www.happyearsearplugs.com. Din best\u00e4llning utg\u00f6r en beg\u00e4ran om att ing\u00e5 ett avtal med oss. Ett k\u00f6peavtal anses ha ing\u00e5tts n\u00e4r du har lagt en best\u00e4llning via webbplatsen och mottagit en orderbekr\u00e4ftelse via e-post [&hellip;]<\/p>\n","protected":false},"author":1,"featured_media":0,"parent":0,"menu_order":0,"comment_status":"closed","ping_status":"closed","template":"","meta":{"_acf_changed":false,"_crosspost_to_3":false,"_crosspost_to_4":false,"_crosspost_to_5":false,"_crosspost_to_6":false,"_crosspost_to_8":false,"_crosspost_to_9":false,"_crosspost_to_11":false,"_crosspost_to_13":false,"_crosspost_to_14":false,"_crosspost_to_24":false,"footnotes":""},"class_list":["post-549","page","type-page","status-publish","hentry"],"acf":[],"_links":{"self":[{"href":"https:\/\/www.happyearsearplugs.com\/se\/wp-json\/wp\/v2\/pages\/549","targetHints":{"allow":["GET"]}}],"collection":[{"href":"https:\/\/www.happyearsearplugs.com\/se\/wp-json\/wp\/v2\/pages"}],"about":[{"href":"https:\/\/www.happyearsearplugs.com\/se\/wp-json\/wp\/v2\/types\/page"}],"author":[{"embeddable":true,"href":"https:\/\/www.happyearsearplugs.com\/se\/wp-json\/wp\/v2\/users\/1"}],"replies":[{"embeddable":true,"href":"https:\/\/www.happyearsearplugs.com\/se\/wp-json\/wp\/v2\/comments?post=549"}],"version-history":[{"count":26,"href":"https:\/\/www.happyearsearplugs.com\/se\/wp-json\/wp\/v2\/pages\/549\/revisions"}],"predecessor-version":[{"id":55590,"href":"https:\/\/www.happyearsearplugs.com\/se\/wp-json\/wp\/v2\/pages\/549\/revisions\/55590"}],"wp:attachment":[{"href":"https:\/\/www.happyearsearplugs.com\/se\/wp-json\/wp\/v2\/media?parent=549"}],"curies":[{"name":"wp","href":"https:\/\/api.w.org\/{rel}","templated":true}]}}