{"id":44073,"date":"2024-10-27T13:02:23","date_gmt":"2024-10-27T13:02:23","guid":{"rendered":"https:\/\/www.happyearsearplugs.com\/?page_id=128424"},"modified":"2026-03-05T12:48:10","modified_gmt":"2026-03-05T12:48:10","slug":"a-more-comfortable-earplug-for-side-sleepers","status":"publish","type":"page","link":"https:\/\/www.happyearsearplugs.com\/se\/a-more-comfortable-earplug-for-side-sleepers\/","title":{"rendered":"En bekv\u00e4mare \u00f6ronpropp f\u00f6r sidosovare"},"content":{"rendered":"","protected":false},"excerpt":{"rendered":"","protected":false},"author":82,"featured_media":0,"parent":0,"menu_order":0,"comment_status":"closed","ping_status":"closed","template":"post-page-new-york-mag.php","meta":{"_acf_changed":false,"_crosspost_to_3":false,"_crosspost_to_4":false,"_crosspost_to_5":false,"_crosspost_to_6":false,"_crosspost_to_8":false,"_crosspost_to_9":false,"_crosspost_to_11":false,"_crosspost_to_13":false,"_crosspost_to_14":false,"_crosspost_to_24":false,"footnotes":""},"class_list":["post-44073","page","type-page","status-publish","hentry"],"acf":[],"_links":{"self":[{"href":"https:\/\/www.happyearsearplugs.com\/se\/wp-json\/wp\/v2\/pages\/44073","targetHints":{"allow":["GET"]}}],"collection":[{"href":"https:\/\/www.happyearsearplugs.com\/se\/wp-json\/wp\/v2\/pages"}],"about":[{"href":"https:\/\/www.happyearsearplugs.com\/se\/wp-json\/wp\/v2\/types\/page"}],"author":[{"embeddable":true,"href":"https:\/\/www.happyearsearplugs.com\/se\/wp-json\/wp\/v2\/users\/82"}],"replies":[{"embeddable":true,"href":"https:\/\/www.happyearsearplugs.com\/se\/wp-json\/wp\/v2\/comments?post=44073"}],"version-history":[{"count":3,"href":"https:\/\/www.happyearsearplugs.com\/se\/wp-json\/wp\/v2\/pages\/44073\/revisions"}],"predecessor-version":[{"id":55576,"href":"https:\/\/www.happyearsearplugs.com\/se\/wp-json\/wp\/v2\/pages\/44073\/revisions\/55576"}],"wp:attachment":[{"href":"https:\/\/www.happyearsearplugs.com\/se\/wp-json\/wp\/v2\/media?parent=44073"}],"curies":[{"name":"wp","href":"https:\/\/api.w.org\/{rel}","templated":true}]}}