{"id":19155,"date":"2022-10-18T12:39:56","date_gmt":"2022-10-18T12:39:56","guid":{"rendered":"https:\/\/www.happyearsearplugs.com\/se\/?page_id=19155"},"modified":"2025-02-05T12:56:02","modified_gmt":"2025-02-05T12:56:02","slug":"eco-friendly-earplugs","status":"publish","type":"page","link":"https:\/\/www.happyearsearplugs.com\/se\/eco-friendly-earplugs\/","title":{"rendered":"V\u00e5ra Milj\u00f6v\u00e4nliga \u00d6ronproppar"},"content":{"rendered":"","protected":false},"excerpt":{"rendered":"","protected":false},"author":1,"featured_media":0,"parent":0,"menu_order":0,"comment_status":"closed","ping_status":"closed","template":"page-sections.php","meta":{"_acf_changed":false,"_crosspost_to_3":false,"_crosspost_to_4":false,"_crosspost_to_5":false,"_crosspost_to_6":false,"_crosspost_to_8":false,"_crosspost_to_9":false,"_crosspost_to_11":false,"_crosspost_to_13":false,"_crosspost_to_14":false,"_crosspost_to_24":false,"footnotes":""},"class_list":["post-19155","page","type-page","status-publish","hentry"],"acf":[],"_links":{"self":[{"href":"https:\/\/www.happyearsearplugs.com\/se\/wp-json\/wp\/v2\/pages\/19155","targetHints":{"allow":["GET"]}}],"collection":[{"href":"https:\/\/www.happyearsearplugs.com\/se\/wp-json\/wp\/v2\/pages"}],"about":[{"href":"https:\/\/www.happyearsearplugs.com\/se\/wp-json\/wp\/v2\/types\/page"}],"author":[{"embeddable":true,"href":"https:\/\/www.happyearsearplugs.com\/se\/wp-json\/wp\/v2\/users\/1"}],"replies":[{"embeddable":true,"href":"https:\/\/www.happyearsearplugs.com\/se\/wp-json\/wp\/v2\/comments?post=19155"}],"version-history":[{"count":29,"href":"https:\/\/www.happyearsearplugs.com\/se\/wp-json\/wp\/v2\/pages\/19155\/revisions"}],"predecessor-version":[{"id":46458,"href":"https:\/\/www.happyearsearplugs.com\/se\/wp-json\/wp\/v2\/pages\/19155\/revisions\/46458"}],"wp:attachment":[{"href":"https:\/\/www.happyearsearplugs.com\/se\/wp-json\/wp\/v2\/media?parent=19155"}],"curies":[{"name":"wp","href":"https:\/\/api.w.org\/{rel}","templated":true}]}}