{"id":482,"date":"2018-10-11T07:32:30","date_gmt":"2018-10-11T07:32:30","guid":{"rendered":"https:\/\/happyears.co\/?post_type=product&#038;p=482"},"modified":"2026-01-20T17:00:09","modified_gmt":"2026-01-20T17:00:09","slug":"happy-ears-medium","status":"publish","type":"product","link":"https:\/\/www.happyearsearplugs.com\/fr\/product\/happy-ears-medium\/","title":{"rendered":"M\/Original"},"content":{"rendered":"<p><img loading=\"lazy\" decoding=\"async\" class=\"alignleft size-full wp-image-1752\" src=\"https:\/\/www.happyears.co\/wp-content\/uploads\/2018\/10\/logos_featured_in.jpg\" alt=\"\" width=\"805\" height=\"150\" srcset=\"https:\/\/happyears.fra1.digitaloceanspaces.com\/wp-content\/uploads\/sites\/11\/2018\/10\/16130045\/logos_featured_in.jpg 805w, https:\/\/happyears.fra1.digitaloceanspaces.com\/wp-content\/uploads\/sites\/11\/2018\/10\/16130045\/logos_featured_in-300x56.jpg 300w, https:\/\/happyears.fra1.digitaloceanspaces.com\/wp-content\/uploads\/sites\/11\/2018\/10\/16130045\/logos_featured_in-768x143.jpg 768w, https:\/\/happyears.fra1.digitaloceanspaces.com\/wp-content\/uploads\/sites\/11\/2018\/10\/16130045\/logos_featured_in-800x150.jpg 800w, https:\/\/happyears.fra1.digitaloceanspaces.com\/wp-content\/uploads\/sites\/11\/2018\/10\/16130045\/logos_featured_in-600x112.jpg 600w\" sizes=\"auto, (max-width: 805px) 100vw, 805px\" \/><br \/>\n<strong>Voici Happy Ears, le bouchon d&#8217;oreille r\u00e9utilisable original con\u00e7u et fabriqu\u00e9 en Su\u00e8de. Une excellente alternative aux bouchons d&#8217;oreille en mousse et en cire \u00e0 usage unique.<\/strong><\/p>\n<p><strong>Produit:<\/strong><br \/>\n<br \/>\nConfortable: offert dans une taille adapt\u00e9e \u00e0 vos oreilles<br \/>\n<br \/>\nR\u00e9utilisable:<strong> Chaque paire dure des mois<\/strong>!<br \/>\n<br \/>\nDiscret: extr\u00e9mit\u00e9 externe translucide<br \/>\n<br \/>\nEntretien facile: nettoyable avec de l&#8217;eau ti\u00e8de et du savon<br \/>\n<br \/>\nFabriqu\u00e9 en Su\u00e8de avec des mat\u00e9riaux approuv\u00e9s par la FDA<\/p>\n<p><strong>Att\u00e9nuation<\/strong> (r\u00e9duction de volume)<strong>:<\/strong><br \/>\n<br \/>\nSNR: 25 dB<br \/>\n<br \/>\nHaut: 26 dB<br \/>\n<br \/>\nMoyen: 23 dB<br \/>\n<br \/>\nFaible: 22 dB<\/p>\n<p><strong>Livraison:<\/strong><br \/>\n<br \/>\nToutes les commandes exp\u00e9di\u00e9es d&#8217;Eindhoven.<\/p>\n<p><strong>Politique de Retour<\/strong><br \/>\n<br \/>\nTout paquet de taille unique de Happy Ears qui est ouvert n&#8217;est PAS \u00e9ligible pour le retour et ne sera PAS rembours\u00e9. Bien s\u00fbr, nous offrons un remboursement complet lorsqu&#8217;un emballage de taille unique NON OUVERT de Happy Ears est retourn\u00e9. Si vous \u00eates un premier client, veuillez commencer avec notre Pack D\u00e9couverte, qui offre une garantie de remboursement int\u00e9gral.<\/p>\n","protected":false},"excerpt":{"rendered":"<p>Voici Happy Ears, le bouchon d&#8217;oreille r\u00e9utilisable original con\u00e7u et fabriqu\u00e9 en Su\u00e8de. Une excellente alternative aux bouchons d&#8217;oreille en mousse et en cire \u00e0 usage unique. Produit: Confortable: offert dans une taille adapt\u00e9e \u00e0 vos oreilles R\u00e9utilisable: Chaque paire dure des mois! Discret: extr\u00e9mit\u00e9 externe translucide Entretien facile: nettoyable avec de l&#8217;eau ti\u00e8de et [&hellip;]<\/p>\n","protected":false},"featured_media":13258,"comment_status":"open","ping_status":"closed","template":"new","meta":{"_acf_changed":false,"_crosspost_to_2":false,"_crosspost_to_3":false,"_crosspost_to_4":false,"_crosspost_to_5":false,"_crosspost_to_6":false,"_crosspost_to_8":false,"_crosspost_to_9":false,"_crosspost_to_13":false,"_crosspost_to_14":false,"_crosspost_to_24":false},"product_brand":[],"product_cat":[40,29,31],"product_tag":[],"class_list":{"0":"post-482","1":"product","2":"type-product","3":"status-publish","4":"has-post-thumbnail","6":"product_cat-feed","7":"product_cat-medium","8":"product_cat-original-medium","10":"first","11":"instock","12":"shipping-taxable","13":"purchasable","14":"product-type-simple"},"acf":[],"_links":{"self":[{"href":"https:\/\/www.happyearsearplugs.com\/fr\/wp-json\/wp\/v2\/product\/482","targetHints":{"allow":["GET"]}}],"collection":[{"href":"https:\/\/www.happyearsearplugs.com\/fr\/wp-json\/wp\/v2\/product"}],"about":[{"href":"https:\/\/www.happyearsearplugs.com\/fr\/wp-json\/wp\/v2\/types\/product"}],"replies":[{"embeddable":true,"href":"https:\/\/www.happyearsearplugs.com\/fr\/wp-json\/wp\/v2\/comments?post=482"}],"wp:featuredmedia":[{"embeddable":true,"href":"https:\/\/www.happyearsearplugs.com\/fr\/wp-json\/wp\/v2\/media\/13258"}],"wp:attachment":[{"href":"https:\/\/www.happyearsearplugs.com\/fr\/wp-json\/wp\/v2\/media?parent=482"}],"wp:term":[{"taxonomy":"product_brand","embeddable":true,"href":"https:\/\/www.happyearsearplugs.com\/fr\/wp-json\/wp\/v2\/product_brand?post=482"},{"taxonomy":"product_cat","embeddable":true,"href":"https:\/\/www.happyearsearplugs.com\/fr\/wp-json\/wp\/v2\/product_cat?post=482"},{"taxonomy":"product_tag","embeddable":true,"href":"https:\/\/www.happyearsearplugs.com\/fr\/wp-json\/wp\/v2\/product_tag?post=482"}],"curies":[{"name":"wp","href":"https:\/\/api.w.org\/{rel}","templated":true}]}}