{"id":24423,"date":"2024-12-23T22:36:45","date_gmt":"2024-12-23T22:36:45","guid":{"rendered":"https:\/\/www.happyearsearplugs.com\/fr\/?post_type=product&#038;p=24423"},"modified":"2026-03-27T11:23:24","modified_gmt":"2026-03-27T11:23:24","slug":"5-pack-decouverte-original","status":"publish","type":"product","link":"https:\/\/www.happyearsearplugs.com\/fr\/product\/5-pack-decouverte-original\/","title":{"rendered":"5-Pack D\u00e9couverte Original"},"content":{"rendered":"<p><img loading=\"lazy\" decoding=\"async\" class=\"alignleft size-full wp-image-1752\" src=\"https:\/\/www.happyears.co\/wp-content\/uploads\/2018\/10\/logos_featured_in.jpg\" alt=\"\" width=\"805\" height=\"150\" srcset=\"https:\/\/happyears.fra1.digitaloceanspaces.com\/wp-content\/uploads\/sites\/11\/2018\/10\/16130045\/logos_featured_in.jpg 805w, https:\/\/happyears.fra1.digitaloceanspaces.com\/wp-content\/uploads\/sites\/11\/2018\/10\/16130045\/logos_featured_in-300x56.jpg 300w, https:\/\/happyears.fra1.digitaloceanspaces.com\/wp-content\/uploads\/sites\/11\/2018\/10\/16130045\/logos_featured_in-768x143.jpg 768w, https:\/\/happyears.fra1.digitaloceanspaces.com\/wp-content\/uploads\/sites\/11\/2018\/10\/16130045\/logos_featured_in-800x150.jpg 800w, https:\/\/happyears.fra1.digitaloceanspaces.com\/wp-content\/uploads\/sites\/11\/2018\/10\/16130045\/logos_featured_in-600x112.jpg 600w\" sizes=\"auto, (max-width: 805px) 100vw, 805px\" \/><br \/>\n<strong>Les bouchons d&#8217;oreilles ne sont PAS un produit unique et la taille du conduit auditif n&#8217;a rien \u00e0 voir avec la taille, le poids ou le sexe<\/strong>. Plus important encore, un bouchon d&#8217;oreille qui ne convient pas, ne fonctionne pas. C&#8217;est pourquoi Happy Ears a cr\u00e9\u00e9 son &#8220;Pack D\u00e9couverte&#8221;. Un kit de d\u00e9marrage pour tous les nouveaux utilisateurs de nos Happy Ears de petite, moyenne et grande taille.<\/p>\n<p><strong>Produit:<\/strong><\/p>\n<p>Confortable: offert dans une taille adapt\u00e9e \u00e0 vos oreilles<\/p>\n<p>R\u00e9utilisable:<strong> Chaque paire dure des mois<\/strong>!<\/p>\n<p>Discret: extr\u00e9mit\u00e9 externe translucide<\/p>\n<p>Entretien facile: nettoyable avec de l&#8217;eau ti\u00e8de et du savon<\/p>\n<p>Fabriqu\u00e9 en Su\u00e8de avec des mat\u00e9riaux approuv\u00e9s par la FDA<\/p>\n<p><strong>Livraison:<\/strong><\/p>\n<p>Toutes les commandes exp\u00e9di\u00e9es d&#8217;Eindhoven.<\/p>\n<p><strong>Politique de Retour<\/strong><\/p>\n<p>Si vous \u00eates un premier client, veuillez commencer avec notre Pack D\u00e9couverte, qui offre une garantie de remboursement int\u00e9gral.<\/p>\n","protected":false},"excerpt":{"rendered":"<p><strong>Les bouchons d&#8217;oreilles ne sont PAS un produit unique et la taille du conduit auditif n&#8217;a rien \u00e0 voir avec la taille, le poids ou le sexe<\/strong>. Plus important encore, un bouchon d&#8217;oreille qui ne convient pas, ne fonctionne pas. C&#8217;est pourquoi Happy Ears a cr\u00e9\u00e9 son &#8220;Pack D\u00e9couverte&#8221;. Un kit de d\u00e9marrage pour tous les nouveaux utilisateurs de nos Happy Ears de petite, moyenne et grande taille.<\/p>\n<p>Un investissement que nous connaissons, mais les utilisateurs r\u00e9guliers de bouchons d&#8217;oreille \u00e9conomiseront beaucoup d&#8217;argent \u00e0 long terme car les utilisateurs quotidiens d\u00e9clarent utiliser chaque paire de Happy Ears pendant 6 \u00e0 14 mois!<\/p>\n","protected":false},"featured_media":24421,"comment_status":"open","ping_status":"closed","template":"new","meta":{"_acf_changed":false,"_crosspost_to_2":false,"_crosspost_to_3":false,"_crosspost_to_4":false,"_crosspost_to_5":false,"_crosspost_to_6":false,"_crosspost_to_8":false,"_crosspost_to_9":false,"_crosspost_to_13":false,"_crosspost_to_14":false,"_crosspost_to_24":false},"product_brand":[42],"product_cat":[35,40],"product_tag":[],"class_list":{"0":"post-24423","1":"product","2":"type-product","3":"status-publish","4":"has-post-thumbnail","6":"product_brand-happyearsearplugs","7":"product_cat-discovery-pack","8":"product_cat-feed","9":"product_shipping_class-free-shipping","11":"first","12":"instock","13":"sale","14":"shipping-taxable","15":"purchasable","16":"product-type-simple"},"acf":[],"_links":{"self":[{"href":"https:\/\/www.happyearsearplugs.com\/fr\/wp-json\/wp\/v2\/product\/24423","targetHints":{"allow":["GET"]}}],"collection":[{"href":"https:\/\/www.happyearsearplugs.com\/fr\/wp-json\/wp\/v2\/product"}],"about":[{"href":"https:\/\/www.happyearsearplugs.com\/fr\/wp-json\/wp\/v2\/types\/product"}],"replies":[{"embeddable":true,"href":"https:\/\/www.happyearsearplugs.com\/fr\/wp-json\/wp\/v2\/comments?post=24423"}],"wp:featuredmedia":[{"embeddable":true,"href":"https:\/\/www.happyearsearplugs.com\/fr\/wp-json\/wp\/v2\/media\/24421"}],"wp:attachment":[{"href":"https:\/\/www.happyearsearplugs.com\/fr\/wp-json\/wp\/v2\/media?parent=24423"}],"wp:term":[{"taxonomy":"product_brand","embeddable":true,"href":"https:\/\/www.happyearsearplugs.com\/fr\/wp-json\/wp\/v2\/product_brand?post=24423"},{"taxonomy":"product_cat","embeddable":true,"href":"https:\/\/www.happyearsearplugs.com\/fr\/wp-json\/wp\/v2\/product_cat?post=24423"},{"taxonomy":"product_tag","embeddable":true,"href":"https:\/\/www.happyearsearplugs.com\/fr\/wp-json\/wp\/v2\/product_tag?post=24423"}],"curies":[{"name":"wp","href":"https:\/\/api.w.org\/{rel}","templated":true}]}}