{"id":543,"date":"2018-11-01T09:36:41","date_gmt":"2018-11-01T09:36:41","guid":{"rendered":"https:\/\/happyears.co\/?page_id=543"},"modified":"2024-10-25T09:03:41","modified_gmt":"2024-10-25T09:03:41","slug":"return-policy","status":"publish","type":"page","link":"https:\/\/www.happyearsearplugs.com\/fr\/return-policy\/","title":{"rendered":"Politique de Retour"},"content":{"rendered":"<h4><\/h4>\n<p>Pour simplifier notre politique de retour, nous l&#8217;avons divis\u00e9 par produit. Vous pouvez regarder directement la politique du produit que vous voulez acheter ou que vous avez d\u00e9j\u00e0 achet\u00e9.<\/p>\n<p><strong>Pack D\u00e9couverte Happy Ears &#8211; Original et Oceans Plastics<\/strong><strong>:\u00a0<\/strong><\/p>\n<p>Nous avons une garantie de remboursement pour notre Pack D\u00e9couverte. C&#8217;est simple: si le produit ne vous convient pas, il suffit de nous \u00e9crire \u00e0 info@happyears.co\u00a0(co et non com) et nous vous rembourserons votre commande. Satisfait ou rembours\u00e9 n&#8217;est valable\u00a0que pour un Pack D\u00e9couverte par client.\u00a0Nous ne faisons pas de remboursement partiel.<\/p>\n<p><strong>Pack D\u00e9couverte Happy Ears \u2013 Recycled:<\/strong><\/p>\n<p>Les conditions de remboursement pour ce produit sont exactement les m\u00eames que pour nos produits Original et Ocean Plastics, hormis des &#8220;frais mat\u00e9riels&#8221; de 6 euros, qui seront d\u00e9duits de votre remboursement. Par exemple, si vous avez achet\u00e9 le Pack D\u00e9couverte Happy Ears et l&#8217;avez renvoy\u00e9, nous vous rembourserons 28,50 euros (34,50 euros &#8211; 6 euros). L&#8217;objectif de cette politique est de s&#8217;assurer que ces mat\u00e9riaux limit\u00e9s ne soient pas g\u00e2ch\u00e9s.<\/p>\n<p><strong>Paquets d&#8217;une seule taille (Happy Ears Original, Ocean Plastics et\/ou Recycled):<\/strong><\/p>\n<p>Les paquets Happy Ears individuels ou avec une seule taille qui ont \u00e9t\u00e9 ouverts ne sont PAS remboursables. Les r\u00e9glementations de sant\u00e9 et s\u00e9curit\u00e9 interdisent la revente d&#8217;un bouchon d&#8217;oreille qui a d\u00e9j\u00e0 \u00e9t\u00e9 utilis\u00e9. Vous pouvez bien s\u00fbr rendre les paquets Happy Ears avec une seule taille qui n&#8217;ont pas \u00e9t\u00e9 ouvert pour un remboursement complet. Si vous \u00eates un nouveau client, nous vous recommendons de commencer par notre Pack D\u00e9couverte, qui comprend une garantie de remboursement.<\/p>\n<p><strong>Happy Ears Color:<\/strong><\/p>\n<p>Les Happy Ears Color sont remboursables, cependant il y a des frais de traitement de 6 euros pour chaque paquet renvoy\u00e9. Ces frais sont n\u00e9cessaires pour couvrir la livraison &#8220;gratuite&#8221; offerte \u00e0 l&#8217;achat, ainsi que le co\u00fbt de traitement des retours via notre partenaire de livraison bas\u00e9 en r\u00e9gion parisienne. Si vous \u00eates un nouveau client et que vous ne connaissez pas encore votre taille, nous vous recommendons de commencer par notre Pack D\u00e9couverte, qui comprend une garantie de remboursement. Les Happy Ears Color conviennent mieux aux clients qui ont d\u00e9j\u00e0 utilis\u00e9 des Happy Ears.<\/p>\n<p><strong>Quand vous renvoyez un paquet Happy Ears qui n&#8217;a pas \u00e9t\u00e9 ouvert, merci d&#8217;inclure votre nom et adresse email \u00e0 l&#8217;int\u00e9rieur du paquet de fa\u00e7on lisible, et envoyez le paquet \u00e0 l&#8217;adresse:<\/strong><\/p>\n<p><strong style=\"font-size: revert; color: initial;\">Happy Ears AB<br \/>\n<\/strong><strong style=\"font-size: revert; color: initial;\">Stora Varvsgatan 6A<br \/>\n<\/strong><strong style=\"font-size: revert; color: initial;\">211 19 Malmo<\/strong><strong style=\"font-size: revert; color: initial;\"><br \/>\n<\/strong><strong style=\"font-size: revert; color: initial;\">Sweden<\/strong><\/p>\n<p>Nous traiterons votre demande de remboursement aussit\u00f4t que nous recevrons les articles retourn\u00e9s. Tous nos remboursements se font par la m\u00e9thode de paiement utilis\u00e9e lors de la commande.<\/p>\n<p>Vous pensez \u00e0 acheter des Happy Ears mais vous avez d&#8217;autres questions ? N&#8217;h\u00e9sitez pas \u00e0 nous envoyer un email \u00e0 info@happyears.co (co et non com) et nous vous r\u00e9pondrons aussi vite que possible. Nous serions ravis de vous \u00e9quiper avec des Happy Ears !<\/p>\n<h4><\/h4>\n","protected":false},"excerpt":{"rendered":"<p>Pour simplifier notre politique de retour, nous l&#8217;avons divis\u00e9 par produit. Vous pouvez regarder directement la politique du produit que vous voulez acheter ou que vous avez d\u00e9j\u00e0 achet\u00e9. Pack D\u00e9couverte Happy Ears &#8211; Original et Oceans Plastics:\u00a0 Nous avons une garantie de remboursement pour notre Pack D\u00e9couverte. C&#8217;est simple: si le produit ne vous [&hellip;]<\/p>\n","protected":false},"author":1,"featured_media":0,"parent":0,"menu_order":0,"comment_status":"closed","ping_status":"closed","template":"page-return-policy.php","meta":{"_acf_changed":false,"_crosspost_to_2":false,"_crosspost_to_3":false,"_crosspost_to_4":false,"_crosspost_to_5":false,"_crosspost_to_6":false,"_crosspost_to_8":false,"_crosspost_to_9":false,"_crosspost_to_13":false,"_crosspost_to_14":false,"_crosspost_to_24":false,"footnotes":""},"class_list":["post-543","page","type-page","status-publish","hentry"],"acf":[],"_links":{"self":[{"href":"https:\/\/www.happyearsearplugs.com\/fr\/wp-json\/wp\/v2\/pages\/543","targetHints":{"allow":["GET"]}}],"collection":[{"href":"https:\/\/www.happyearsearplugs.com\/fr\/wp-json\/wp\/v2\/pages"}],"about":[{"href":"https:\/\/www.happyearsearplugs.com\/fr\/wp-json\/wp\/v2\/types\/page"}],"author":[{"embeddable":true,"href":"https:\/\/www.happyearsearplugs.com\/fr\/wp-json\/wp\/v2\/users\/1"}],"replies":[{"embeddable":true,"href":"https:\/\/www.happyearsearplugs.com\/fr\/wp-json\/wp\/v2\/comments?post=543"}],"version-history":[{"count":29,"href":"https:\/\/www.happyearsearplugs.com\/fr\/wp-json\/wp\/v2\/pages\/543\/revisions"}],"predecessor-version":[{"id":23879,"href":"https:\/\/www.happyearsearplugs.com\/fr\/wp-json\/wp\/v2\/pages\/543\/revisions\/23879"}],"wp:attachment":[{"href":"https:\/\/www.happyearsearplugs.com\/fr\/wp-json\/wp\/v2\/media?parent=543"}],"curies":[{"name":"wp","href":"https:\/\/api.w.org\/{rel}","templated":true}]}}