{"id":9628,"date":"2021-05-15T21:56:00","date_gmt":"2021-05-15T21:56:00","guid":{"rendered":"https:\/\/www.happyearsearplugs.com\/de\/?post_type=product&#038;p=9628"},"modified":"2026-02-27T10:57:21","modified_gmt":"2026-02-27T10:57:21","slug":"original-discovery-pack","status":"publish","type":"product","link":"https:\/\/www.happyearsearplugs.com\/de\/product\/original-discovery-pack\/","title":{"rendered":"Original Discovery Pack"},"content":{"rendered":"<p>Ohrenst\u00f6psel sind KEIN Produkt mit Einheitsgr\u00f6\u00dfe, und die Gr\u00f6\u00dfe der Ohren hat nichts mit der Gr\u00f6\u00dfe, dem Gewicht, oder dem Geschlecht zu tun. Aus diesem Grund, hat Happy Ears das \u201eDiscovery Pack\u201c entwickelt. Das Starter-Kit enth\u00e4lt ein Paar kleine, mittlere, und gro\u00dfe Happy Ears. Jeder Kauf unseres Discovery Packs kommt mit einer Geld-zur\u00fcck-Garantie.<\/p>\n<p><strong>Produkt:<\/strong><\/p>\n<p>Komfortabel: Einzigartige ovale Form mit kurzem weichem Stiel.<\/p>\n<p>Wiederverwendbar: Jedes Paar h\u00e4lt bei t\u00e4glichem Gebrauch mehrer Monate &#8211; weniger Abfall.<\/p>\n<p>Einfache Wartung: Mit Reinigungsalkohol, oder Seife und warmem Wasser reinigen<\/p>\n<p><strong>D\u00e4mpfung<\/strong> (Ger\u00e4uschreduzierung):<\/p>\n<p>SNR: 25 dB<\/p>\n<p>Hoch: 26 dB<\/p>\n<p>Mittel: 23 dB<\/p>\n<p>Niedrig: 22 dB<\/p>\n<p><strong>Versand:<\/strong><\/p>\n<p>Jetzt per Deutsche Post, direkt aus Berlin versandt<\/p>\n","protected":false},"excerpt":{"rendered":"<p>Ohrenst\u00f6psel sind KEIN Produkt mit Einheitsgr\u00f6\u00dfe, und die Gr\u00f6\u00dfe der Ohren hat nichts mit der Gr\u00f6\u00dfe, dem Gewicht, oder dem Geschlecht zu tun. Aus diesem Grund, hat Happy Ears das \u201eDiscovery Pack\u201c entwickelt. Das Starter-Kit enth\u00e4lt ein Paar kleine, mittlere, und gro\u00dfe Happy Ears. Jeder Kauf unseres Discovery Packs kommt mit einer Geld-zur\u00fcck-Garantie, welche Ihnen dabei hilft, die passende Gr\u00f6\u00dfe f\u00fcr Ihre Ohren zu finden.<\/p>\n","protected":false},"featured_media":35669,"comment_status":"open","ping_status":"closed","template":"new","meta":{"_acf_changed":false,"_crosspost_to_2":false,"_crosspost_to_3":false,"_crosspost_to_4":false,"_crosspost_to_5":false,"_crosspost_to_6":false,"_crosspost_to_9":false,"_crosspost_to_11":false,"_crosspost_to_13":false,"_crosspost_to_14":false,"_crosspost_to_24":false},"product_brand":[42],"product_cat":[25,40],"product_tag":[],"class_list":{"0":"post-9628","1":"product","2":"type-product","3":"status-publish","4":"has-post-thumbnail","6":"product_brand-happy-ears","7":"product_cat-discovery-pack","8":"product_cat-feed","9":"product_shipping_class-free-shipping","11":"first","12":"instock","13":"shipping-taxable","14":"purchasable","15":"product-type-simple"},"acf":[],"_links":{"self":[{"href":"https:\/\/www.happyearsearplugs.com\/de\/wp-json\/wp\/v2\/product\/9628","targetHints":{"allow":["GET"]}}],"collection":[{"href":"https:\/\/www.happyearsearplugs.com\/de\/wp-json\/wp\/v2\/product"}],"about":[{"href":"https:\/\/www.happyearsearplugs.com\/de\/wp-json\/wp\/v2\/types\/product"}],"replies":[{"embeddable":true,"href":"https:\/\/www.happyearsearplugs.com\/de\/wp-json\/wp\/v2\/comments?post=9628"}],"wp:featuredmedia":[{"embeddable":true,"href":"https:\/\/www.happyearsearplugs.com\/de\/wp-json\/wp\/v2\/media\/35669"}],"wp:attachment":[{"href":"https:\/\/www.happyearsearplugs.com\/de\/wp-json\/wp\/v2\/media?parent=9628"}],"wp:term":[{"taxonomy":"product_brand","embeddable":true,"href":"https:\/\/www.happyearsearplugs.com\/de\/wp-json\/wp\/v2\/product_brand?post=9628"},{"taxonomy":"product_cat","embeddable":true,"href":"https:\/\/www.happyearsearplugs.com\/de\/wp-json\/wp\/v2\/product_cat?post=9628"},{"taxonomy":"product_tag","embeddable":true,"href":"https:\/\/www.happyearsearplugs.com\/de\/wp-json\/wp\/v2\/product_tag?post=9628"}],"curies":[{"name":"wp","href":"https:\/\/api.w.org\/{rel}","templated":true}]}}