{"id":543,"date":"2018-11-01T09:36:41","date_gmt":"2018-11-01T09:36:41","guid":{"rendered":"https:\/\/happyears.co\/?page_id=543"},"modified":"2025-10-29T22:39:45","modified_gmt":"2025-10-29T22:39:45","slug":"return-policy","status":"publish","type":"page","link":"https:\/\/www.happyearsearplugs.com\/de\/return-policy\/","title":{"rendered":"R\u00fcckgabe"},"content":{"rendered":"<p style=\"font-weight: 400;\"><strong>R\u00dcCKGABEBEDINGUNGEN<\/strong><\/p>\n<p style=\"font-weight: 400;\">Ausprobiersets &#8211; Unsere Geld-zur\u00fcck-Garantie wird nur f\u00fcr ein Ausprobierset pro Kund*in angeboten. Wenn Sie zum Beispiel ein Original Ausprobierset und ein OP Ausprobierset kaufen, erhalten Sie nur eine R\u00fcckerstattung f\u00fcr das Original Ausprobierset (das g\u00fcnstigere der beiden). Nat\u00fcrlich k\u00f6nnen Sie jederzeit ein unge\u00f6ffnetes Ausprobierset gegen volle R\u00fcckerstattung zur\u00fcckgeben.<\/p>\n<p style=\"font-weight: 400;\"><strong>Happy Ears Original und Ocean Plastics Ausprobiersets:<\/strong><\/p>\n<p style=\"font-weight: 400;\">In dem Bem\u00fchen, die Welt von verschwenderischen Einweg-Ohrst\u00f6pseln zu befreien, haben wir unsere Ausprobiersets mit einer Geld-zur\u00fcck-Garantie ausgestattet. Dieses Angebot ist ganz einfach: Wenn das Produkt nicht passt oder nicht funktioniert, schicken Sie uns einfach eine E-Mail an\u00a0<a href=\"mailto:info@happyears.co\">info@happyears.co<\/a>\u00a0(.co not com) und wir erstatten Ihnen den Kaufpreis. Wir bieten KEINE Teilr\u00fcckerstattung an. Wenn Sie uns eine E-Mail schicken, geben Sie bitte das Land an, aus dem Sie bestellt haben, da sich dadurch die Kommunikationszeit halbiert.<\/p>\n<p style=\"font-weight: 400;\"><strong>Happy Ears Recycled Ausprobiersets:<\/strong><\/p>\n<p style=\"font-weight: 400;\">Die Geld-zur\u00fcck-Garantie f\u00fcr unsere Recycled Ausprobiersets ist identisch mit der f\u00fcr unsere Original- und Ocean Plastic Ausprobiersets, mit der Ausnahme, dass f\u00fcr jede zur\u00fcckgegebene Packung eine Bearbeitungsgeb\u00fchr von (6 EUR) anf\u00e4llt.<\/p>\n<p style=\"font-weight: 400;\"><strong>Happy Ears Einzelpackungen<\/strong> &#8211; Original, Ocean Plastics &amp; Recycled:<\/p>\n<p style=\"font-weight: 400;\">F\u00fcr Einzelpackungen von Happy Ears gilt NICHT die gleiche Geld-zur\u00fcck-Garantie wie f\u00fcr unsere Ausprobiersets. Wir erstatten keine Kosten f\u00fcr Einzelpackungen von Happy Ears.\u00a0 Sobald ein Ohrst\u00f6psel in ein Ohr eingef\u00fchrt wurde, darf das Produkt gem\u00e4\u00df den Gesundheits- und Sicherheitsvorschriften nicht mehr weiterverkauft werden und ist daher unbrauchbar. Sie k\u00f6nnen jedoch jede unge\u00f6ffnete Einzelverpackung von Happy Ears gegen volle R\u00fcckerstattung zur\u00fcckgeben. Wenn Sie ein*e Erstkund*in sind und Ihre Gr\u00f6\u00dfe nicht kennen, beginnen Sie deshalb bitte mit einem unserer Ausprobiersets, die drei zum Preis von zwei mit kostenlosem Versand und Geld-zur\u00fcck-Garantie angeboten werden.<\/p>\n<p style=\"font-weight: 400;\"><strong>Happy Ears Color-Pakete:<\/strong><\/p>\n<p style=\"font-weight: 400;\">Happy Ears Color-Pakete sind erstattungsf\u00e4hig, allerdings wird eine Bearbeitungsgeb\u00fchr von (6 EUR) f\u00fcr jedes zur\u00fcckgesandte Paket erhoben. Diese Geb\u00fchr ist notwendig, um den beim Kauf angebotenen &#8220;kostenlosen&#8221; Versand und die Kosten f\u00fcr die Bearbeitung der R\u00fccksendung durch unseren in Deutschland ans\u00e4ssigen Versandpartner zu decken. Wenn Sie ein*e Erstkund*in sind und Ihre Gr\u00f6\u00dfe nicht kennen, beginnen Sie deshalb bitte mit einem unserer Ausprobiersets, die eine volle Geld-zur\u00fcck-Garantie bieten. Happy Ears Color Packs sind am besten f\u00fcr bestehende Happy Ears Kund*innen geeignet.<\/p>\n<p style=\"font-weight: 400;\"><strong>Happy Ears bietet kein R\u00fccksendeporto f\u00fcr seine Bestellungen an<\/strong>:<\/p>\n<p style=\"font-weight: 400;\">Wenn Sie eine unge\u00f6ffnete Packung Happy Ears zur\u00fcckschicken, geben Sie bitte auf der Innenseite der Packung Ihren Namen und Ihre E-Mail-Adresse an und schicken Sie sie an:<\/p>\n<p>Happy Ears AB<\/p>\n<p>Stora Varvsgatan 6A<\/p>\n<p>211 19 Malm\u00f6<\/p>\n<p>Sweden<\/p>\n<p style=\"font-weight: 400;\">Sobald wir Ihre R\u00fccksendung erhalten haben, werden wir Ihren Antrag auf R\u00fcckerstattung bearbeiten. Die R\u00fcckerstattung erfolgt auf die urspr\u00fcngliche Zahlungsmethode, mit der Sie Ihre Bestellung aufgegeben haben.<\/p>\n<p style=\"font-weight: 400;\">Sie \u00fcberlegen, etwas zu kaufen, haben aber noch Fragen? Schicken Sie uns gerne eine kurze E-Mail an\u00a0<a href=\"mailto:info@happyears.co\">info@happyears.co<\/a>\u00a0(co not com) und wir werden Ihnen so schnell wie m\u00f6glich antworten. Wir w\u00fcrden uns freuen, wenn wir Sie mit Happy Ears ausstatten k\u00f6nnen!<\/p>\n","protected":false},"excerpt":{"rendered":"<p>R\u00dcCKGABEBEDINGUNGEN Ausprobiersets &#8211; Unsere Geld-zur\u00fcck-Garantie wird nur f\u00fcr ein Ausprobierset pro Kund*in angeboten. Wenn Sie zum Beispiel ein Original Ausprobierset und ein OP Ausprobierset kaufen, erhalten Sie nur eine R\u00fcckerstattung f\u00fcr das Original Ausprobierset (das g\u00fcnstigere der beiden). Nat\u00fcrlich k\u00f6nnen Sie jederzeit ein unge\u00f6ffnetes Ausprobierset gegen volle R\u00fcckerstattung zur\u00fcckgeben. Happy Ears Original und Ocean Plastics [&hellip;]<\/p>\n","protected":false},"author":1,"featured_media":0,"parent":0,"menu_order":0,"comment_status":"closed","ping_status":"closed","template":"page-return-policy.php","meta":{"_acf_changed":false,"_crosspost_to_2":false,"_crosspost_to_3":false,"_crosspost_to_4":false,"_crosspost_to_5":false,"_crosspost_to_6":false,"_crosspost_to_9":false,"_crosspost_to_11":false,"_crosspost_to_13":false,"_crosspost_to_14":false,"_crosspost_to_24":false,"footnotes":""},"class_list":["post-543","page","type-page","status-publish","hentry"],"acf":[],"_links":{"self":[{"href":"https:\/\/www.happyearsearplugs.com\/de\/wp-json\/wp\/v2\/pages\/543","targetHints":{"allow":["GET"]}}],"collection":[{"href":"https:\/\/www.happyearsearplugs.com\/de\/wp-json\/wp\/v2\/pages"}],"about":[{"href":"https:\/\/www.happyearsearplugs.com\/de\/wp-json\/wp\/v2\/types\/page"}],"author":[{"embeddable":true,"href":"https:\/\/www.happyearsearplugs.com\/de\/wp-json\/wp\/v2\/users\/1"}],"replies":[{"embeddable":true,"href":"https:\/\/www.happyearsearplugs.com\/de\/wp-json\/wp\/v2\/comments?post=543"}],"version-history":[{"count":33,"href":"https:\/\/www.happyearsearplugs.com\/de\/wp-json\/wp\/v2\/pages\/543\/revisions"}],"predecessor-version":[{"id":3044726,"href":"https:\/\/www.happyearsearplugs.com\/de\/wp-json\/wp\/v2\/pages\/543\/revisions\/3044726"}],"wp:attachment":[{"href":"https:\/\/www.happyearsearplugs.com\/de\/wp-json\/wp\/v2\/media?parent=543"}],"curies":[{"name":"wp","href":"https:\/\/api.w.org\/{rel}","templated":true}]}}